{"id":1875,"date":"2017-07-27T13:34:34","date_gmt":"2017-07-27T11:34:34","guid":{"rendered":"http:\/\/monika-schulte.de\/?page_id=1875"},"modified":"2019-01-18T11:17:43","modified_gmt":"2019-01-18T10:17:43","slug":"impressum","status":"publish","type":"page","link":"https:\/\/monika-schulte.de\/index.php\/impressum\/","title":{"rendered":"Monika Schulte &#8211; Impressum"},"content":{"rendered":"<div class=\"fusion-fullwidth fullwidth-box fusion-builder-row-1 nonhundred-percent-fullwidth non-hundred-percent-height-scrolling\" style=\"--awb-border-radius-top-left:0px;--awb-border-radius-top-right:0px;--awb-border-radius-bottom-right:0px;--awb-border-radius-bottom-left:0px;--awb-flex-wrap:wrap;\" ><div class=\"fusion-builder-row fusion-row\"><div class=\"fusion-layout-column fusion_builder_column fusion-builder-column-0 fusion_builder_column_1_1 1_1 fusion-one-full fusion-column-first fusion-column-last\" style=\"--awb-bg-size:cover;--awb-margin-bottom:0px;\"><div class=\"fusion-column-wrapper fusion-flex-column-wrapper-legacy\"><div class=\"fusion-text fusion-text-1\"><p style=\"text-align: center;\">Monika Schulte<\/p>\n<h1 style=\"text-align: center;\">Impressum<\/h1>\n<\/div><div class=\"fusion-sep-clear\"><\/div><div class=\"fusion-separator\" style=\"margin-left: auto;margin-right: auto;margin-bottom:60px;width:100%;max-width:50px;\"><div class=\"fusion-separator-border sep-single sep-solid\" style=\"--awb-height:20px;--awb-amount:20px;--awb-sep-color:#66865f;border-color:#66865f;border-top-width:1px;\"><\/div><\/div><div class=\"fusion-sep-clear\"><\/div><div class=\"fusion-clearfix\"><\/div><\/div><\/div><div class=\"fusion-layout-column fusion_builder_column fusion-builder-column-1 fusion_builder_column_3_4 3_4 fusion-three-fourth fusion-column-first\" style=\"--awb-bg-size:cover;width:75%;width:calc(75% - ( ( 4% ) * 0.75 ) );margin-right: 4%;\"><div class=\"fusion-column-wrapper fusion-flex-column-wrapper-legacy\"><div class=\"fusion-text fusion-text-2\"><h5>\u00a7 Impressum<\/h5>\n<p>Name der Praxis: Praxis f\u00fcr Naturheilkunde &amp; Physiotherapie<br \/>\nStra\u00dfe: Alter Postweg 68<br \/>\nPLZ \/ Ort: 48167 M\u00fcnster<br \/>\nTelefon: 0251\/20835598<br \/>\nTelefax: 0251\/2085969<br \/>\nE-Mail: praxis@monika-schulte.de<\/p>\n<p><strong>Verantwortlich f\u00fcr die Website:<\/strong> Monika Schulte<\/p>\n<p><strong>Gesetzliche Berufsbezeichnung:<\/strong> Heilpraktiker (verliehen in der Bundesrepublik Deutschland), Physiotherapeutin<\/p>\n<p><strong>Zust\u00e4ndige Aufsichtsbeh\u00f6rde:<\/strong> Gesundheitsamt M\u00fcnster St\u00fchmerweg 8, 48147 M\u00fcnster<\/p>\n<p><strong>Mitgliedsnummer im Berufsverband BDH:<\/strong> 107617<\/p>\n<p><strong>Tag der amts\u00e4rztlichen \u00dcberpr\u00fcfung:\u00a012.11.2014<\/strong><br \/>\n<strong>Beh\u00f6rdliche Erlaubnis durch Gesundheitsamt in:<\/strong> Recklinghausen<br \/>\nErg\u00e4nzende Angaben<\/p>\n<p>Berufsordnung: Nachzulesen im Internet unter httpss:\/\/www.bdh-online.de\/wp-content\/uploads\/2015\/08\/Berufsordnung-Heilpraktiker_2015_210x297_20150814.pdf<\/p>\n<p>Rechtsgrundlage der Heilpraktikert\u00e4tigkeit, Heilpraktikergesetz und Durchf\u00fchrungsverordnung: Nachzulesen im Internet unter https:\/\/www.gesetze-im-internet.de\/heilprg\/index.html und https:\/\/www.gesetze-im-internet.de\/heilprgdv_1\/index.html<\/p>\n<p><strong>Internet Disclaimer \/ Haftungsausschluss<\/strong><\/p>\n<p>Wir begr\u00fc\u00dfen jeden Interessierten auf unserer Website.<br \/>\nWir weisen darauf hin, dass sich diese Website und s\u00e4mtliche Informationen auf der Website nach deutschem Recht richten. Jeder Benutzer, welcher \u00fcber diesen Disclaimer hinweggeht, um auf unseren einzelnen Seiten Zugriff zu nehmen, erkennt mit dem Weiterbl\u00e4ttern der Seite an, dass sich die Beziehung zwischen ihm und uns ausschlie\u00dflich nach deutschem Recht richtet.<br \/>\nVorsorglich weisen wir darauf hin, dass die von uns abgegebenen Informationen auf der Website nicht genutzt werden k\u00f6nnen, um Krankheiten oder Leiden selbst zu erkennen und therapieren.<br \/>\nF\u00fcr die Vollst\u00e4ndigkeit oder Richtigkeit der Informationen auf dieser Website k\u00f6nnen wir keine Garantie \u00fcbernehmen.<br \/>\nWir k\u00f6nnen nicht ausschlie\u00dfen, dass unsere Internetseiten auch Informationen durch Dritte aufweisen. F\u00fcr diese Informationen k\u00f6nnen wir keine Haftung \u00fcbernehmen. Dies gilt vor allem auch f\u00fcr Links zu anderen Websites, die wir zwar immer wieder daraufhin \u00fcberpr\u00fcfen, ob sie rechtswidrige Inhalte enthalten, aber keine Gew\u00e4hr daf\u00fcr leisten k\u00f6nnen. Die Inhalte dieser Seiten stellen nicht unsere Meinung dar, die Links werden nur zur Verbesserung der Informationsvielfalt ver\u00f6ffentlicht.<br \/>\nS\u00e4mtliche Texte und Grafiken auf unseren Webseiten sind urheberrechtlich oder durch sonstige Schutzrechte gesch\u00fctzt. Der Gebrauch oder die Vervielf\u00e4ltigung dieser Grafiken und Texte ist ohne die vorherige schriftliche Genehmigung durch uns nicht gestattet. Insbesondere werden wir es nicht gestatten, dass Produktbezeichnungen, welche grunds\u00e4tzlich Markenschutz genie\u00dfen, von Dritten gebraucht werden.<br \/>\nUm die Internetseite aktuell halten zu k\u00f6nnen, werden wir selbstverst\u00e4ndlich die Texte gegebenenfalls \u00e4ndern und \/ oder erg\u00e4nzen. Eine Haftung aus dem Inhalt der Internetseiten ergibt sich nicht.<\/p>\n<p class=\"\"><strong class=\"\"><span class=\"\" style=\"font-family: Raleway-Regular;\">Streitschlichtung<\/span><\/strong><\/p>\n<p class=\"\"><span class=\"\" style=\"font-family: Raleway-Regular;\">Die Europ\u00e4ische Kommission stellt eine Plattform zur Online-Streitbeilegung (OS) bereit:\u00a0<a class=\"\" href=\"httpss:\/\/ec.europa.eu\/consumers\/odr\" target=\"_blank\" rel=\"noopener\">httpss:\/\/ec.europa.eu\/consumers\/odr<\/a>.<br class=\"\" \/>Unsere E-Mail-Adresse finden Sie oben im Impressum.<\/span><\/p>\n<p class=\"\"><span class=\"\" style=\"font-family: Raleway-Regular;\">Wir sind nicht bereit oder verpflichtet, an Streitbeilegungsverfahren vor einer Verbraucherschlichtungsstelle teilzunehmen.<\/span><\/p>\n<\/div><div class=\"fusion-clearfix\"><\/div><\/div><\/div><div class=\"fusion-layout-column fusion_builder_column fusion-builder-column-2 fusion_builder_column_1_4 1_4 fusion-one-fourth fusion-column-last\" style=\"--awb-bg-size:cover;width:25%;width:calc(25% - ( ( 4% ) * 0.25 ) );\"><div class=\"fusion-column-wrapper fusion-flex-column-wrapper-legacy\"><div class=\"fusion-text fusion-text-3\"><h5>Kontakt<\/h5>\n<p>Monika Schulte<\/p>\n<p>Alter Postweg 68<br \/>\n48167 M\u00fcnster<\/p>\n<p>Tel. 0251\/20835598<br \/>\nFax 0251\/2085969<\/p>\n<p>praxis@monika-schulte.de<\/p>\n<\/div><div class=\"fusion-clearfix\"><\/div><\/div><\/div><\/div><\/div>\n","protected":false},"excerpt":{"rendered":"","protected":false},"author":1,"featured_media":0,"parent":0,"menu_order":0,"comment_status":"closed","ping_status":"closed","template":"","meta":{"footnotes":""},"class_list":["post-1875","page","type-page","status-publish","hentry"],"yoast_head":"<!-- This site is optimized with the Yoast SEO plugin v25.1 - https:\/\/yoast.com\/wordpress\/plugins\/seo\/ -->\n<title>Monika Schulte - Impressum &amp; Datenschutz - Monika Schulte<\/title>\n<meta name=\"robots\" content=\"index, follow, max-snippet:-1, max-image-preview:large, max-video-preview:-1\" \/>\n<link rel=\"canonical\" href=\"https:\/\/monika-schulte.de\/index.php\/impressum\/\" \/>\n<meta property=\"og:locale\" content=\"de_DE\" \/>\n<meta property=\"og:type\" content=\"article\" \/>\n<meta property=\"og:title\" content=\"Monika Schulte - Impressum &amp; Datenschutz - Monika Schulte\" \/>\n<meta property=\"og:url\" content=\"https:\/\/monika-schulte.de\/index.php\/impressum\/\" \/>\n<meta property=\"og:site_name\" content=\"Monika Schulte\" \/>\n<meta property=\"article:modified_time\" content=\"2019-01-18T10:17:43+00:00\" \/>\n<meta name=\"twitter:card\" content=\"summary_large_image\" \/>\n<meta name=\"twitter:label1\" content=\"Gesch\u00e4tzte Lesezeit\" \/>\n\t<meta name=\"twitter:data1\" content=\"4\u00a0Minuten\" \/>\n<script type=\"application\/ld+json\" class=\"yoast-schema-graph\">{\"@context\":\"https:\/\/schema.org\",\"@graph\":[{\"@type\":\"WebPage\",\"@id\":\"https:\/\/monika-schulte.de\/index.php\/impressum\/\",\"url\":\"https:\/\/monika-schulte.de\/index.php\/impressum\/\",\"name\":\"Monika Schulte - Impressum & Datenschutz - Monika Schulte\",\"isPartOf\":{\"@id\":\"https:\/\/monika-schulte.de\/#website\"},\"datePublished\":\"2017-07-27T11:34:34+00:00\",\"dateModified\":\"2019-01-18T10:17:43+00:00\",\"breadcrumb\":{\"@id\":\"https:\/\/monika-schulte.de\/index.php\/impressum\/#breadcrumb\"},\"inLanguage\":\"de\",\"potentialAction\":[{\"@type\":\"ReadAction\",\"target\":[\"https:\/\/monika-schulte.de\/index.php\/impressum\/\"]}]},{\"@type\":\"BreadcrumbList\",\"@id\":\"https:\/\/monika-schulte.de\/index.php\/impressum\/#breadcrumb\",\"itemListElement\":[{\"@type\":\"ListItem\",\"position\":1,\"name\":\"Startseite\",\"item\":\"https:\/\/monika-schulte.de\/\"},{\"@type\":\"ListItem\",\"position\":2,\"name\":\"Monika Schulte &#8211; Impressum\"}]},{\"@type\":\"WebSite\",\"@id\":\"https:\/\/monika-schulte.de\/#website\",\"url\":\"https:\/\/monika-schulte.de\/\",\"name\":\"Monika Schulte\",\"description\":\"Naturheilkunde &amp; Physiotherapie\",\"publisher\":{\"@id\":\"https:\/\/monika-schulte.de\/#\/schema\/person\/65bc906120ccbd2ab55f31f1c1c089d9\"},\"potentialAction\":[{\"@type\":\"SearchAction\",\"target\":{\"@type\":\"EntryPoint\",\"urlTemplate\":\"https:\/\/monika-schulte.de\/?s={search_term_string}\"},\"query-input\":{\"@type\":\"PropertyValueSpecification\",\"valueRequired\":true,\"valueName\":\"search_term_string\"}}],\"inLanguage\":\"de\"},{\"@type\":[\"Person\",\"Organization\"],\"@id\":\"https:\/\/monika-schulte.de\/#\/schema\/person\/65bc906120ccbd2ab55f31f1c1c089d9\",\"name\":\"Monika-Schulte\",\"image\":{\"@type\":\"ImageObject\",\"inLanguage\":\"de\",\"@id\":\"https:\/\/monika-schulte.de\/#\/schema\/person\/image\/\",\"url\":\"https:\/\/secure.gravatar.com\/avatar\/c0b23b91f6d00e08f194f3d0949019a0573dc9dfcd02b73a947189e6b6162356?s=96&d=mm&r=g\",\"contentUrl\":\"https:\/\/secure.gravatar.com\/avatar\/c0b23b91f6d00e08f194f3d0949019a0573dc9dfcd02b73a947189e6b6162356?s=96&d=mm&r=g\",\"caption\":\"Monika-Schulte\"},\"logo\":{\"@id\":\"https:\/\/monika-schulte.de\/#\/schema\/person\/image\/\"}}]}<\/script>\n<!-- \/ Yoast SEO plugin. -->","yoast_head_json":{"title":"Monika Schulte - Impressum & Datenschutz - Monika Schulte","robots":{"index":"index","follow":"follow","max-snippet":"max-snippet:-1","max-image-preview":"max-image-preview:large","max-video-preview":"max-video-preview:-1"},"canonical":"https:\/\/monika-schulte.de\/index.php\/impressum\/","og_locale":"de_DE","og_type":"article","og_title":"Monika Schulte - Impressum & Datenschutz - Monika Schulte","og_url":"https:\/\/monika-schulte.de\/index.php\/impressum\/","og_site_name":"Monika Schulte","article_modified_time":"2019-01-18T10:17:43+00:00","twitter_card":"summary_large_image","twitter_misc":{"Gesch\u00e4tzte Lesezeit":"4\u00a0Minuten"},"schema":{"@context":"https:\/\/schema.org","@graph":[{"@type":"WebPage","@id":"https:\/\/monika-schulte.de\/index.php\/impressum\/","url":"https:\/\/monika-schulte.de\/index.php\/impressum\/","name":"Monika Schulte - Impressum & Datenschutz - Monika Schulte","isPartOf":{"@id":"https:\/\/monika-schulte.de\/#website"},"datePublished":"2017-07-27T11:34:34+00:00","dateModified":"2019-01-18T10:17:43+00:00","breadcrumb":{"@id":"https:\/\/monika-schulte.de\/index.php\/impressum\/#breadcrumb"},"inLanguage":"de","potentialAction":[{"@type":"ReadAction","target":["https:\/\/monika-schulte.de\/index.php\/impressum\/"]}]},{"@type":"BreadcrumbList","@id":"https:\/\/monika-schulte.de\/index.php\/impressum\/#breadcrumb","itemListElement":[{"@type":"ListItem","position":1,"name":"Startseite","item":"https:\/\/monika-schulte.de\/"},{"@type":"ListItem","position":2,"name":"Monika Schulte &#8211; Impressum"}]},{"@type":"WebSite","@id":"https:\/\/monika-schulte.de\/#website","url":"https:\/\/monika-schulte.de\/","name":"Monika Schulte","description":"Naturheilkunde &amp; Physiotherapie","publisher":{"@id":"https:\/\/monika-schulte.de\/#\/schema\/person\/65bc906120ccbd2ab55f31f1c1c089d9"},"potentialAction":[{"@type":"SearchAction","target":{"@type":"EntryPoint","urlTemplate":"https:\/\/monika-schulte.de\/?s={search_term_string}"},"query-input":{"@type":"PropertyValueSpecification","valueRequired":true,"valueName":"search_term_string"}}],"inLanguage":"de"},{"@type":["Person","Organization"],"@id":"https:\/\/monika-schulte.de\/#\/schema\/person\/65bc906120ccbd2ab55f31f1c1c089d9","name":"Monika-Schulte","image":{"@type":"ImageObject","inLanguage":"de","@id":"https:\/\/monika-schulte.de\/#\/schema\/person\/image\/","url":"https:\/\/secure.gravatar.com\/avatar\/c0b23b91f6d00e08f194f3d0949019a0573dc9dfcd02b73a947189e6b6162356?s=96&d=mm&r=g","contentUrl":"https:\/\/secure.gravatar.com\/avatar\/c0b23b91f6d00e08f194f3d0949019a0573dc9dfcd02b73a947189e6b6162356?s=96&d=mm&r=g","caption":"Monika-Schulte"},"logo":{"@id":"https:\/\/monika-schulte.de\/#\/schema\/person\/image\/"}}]}},"_links":{"self":[{"href":"https:\/\/monika-schulte.de\/index.php\/wp-json\/wp\/v2\/pages\/1875","targetHints":{"allow":["GET"]}}],"collection":[{"href":"https:\/\/monika-schulte.de\/index.php\/wp-json\/wp\/v2\/pages"}],"about":[{"href":"https:\/\/monika-schulte.de\/index.php\/wp-json\/wp\/v2\/types\/page"}],"author":[{"embeddable":true,"href":"https:\/\/monika-schulte.de\/index.php\/wp-json\/wp\/v2\/users\/1"}],"replies":[{"embeddable":true,"href":"https:\/\/monika-schulte.de\/index.php\/wp-json\/wp\/v2\/comments?post=1875"}],"version-history":[{"count":0,"href":"https:\/\/monika-schulte.de\/index.php\/wp-json\/wp\/v2\/pages\/1875\/revisions"}],"wp:attachment":[{"href":"https:\/\/monika-schulte.de\/index.php\/wp-json\/wp\/v2\/media?parent=1875"}],"curies":[{"name":"wp","href":"https:\/\/api.w.org\/{rel}","templated":true}]}}